{"id":240,"date":"2021-01-25T22:35:43","date_gmt":"2021-01-25T22:35:43","guid":{"rendered":"https:\/\/aigcguide.com\/?page_id=240"},"modified":"2021-01-25T22:35:43","modified_gmt":"2021-01-25T22:35:43","slug":"cookies","status":"publish","type":"page","link":"https:\/\/aigcguide.com\/es\/cookies","title":{"rendered":"Cookies"},"content":{"rendered":"<p>POL\u00cdTICA DE COOKIES<br \/>\nUna cookie es un fichero que se descarga en el ordenador\/smartphone\/tablet del usuario al acceder a determinadas p\u00e1ginas web para almacenar y recuperar informaci\u00f3n sobre la navegaci\u00f3n que se efect\u00faa desde dicho equipo. Para conocer m\u00e1s informaci\u00f3n sobre las cookies, AIGC le invita a acceder al siguiente enlace: AIGCGUIDE.COM<\/p>\n<p>Unidad Editorial utiliza en este sitio web la siguiente tipolog\u00eda de cookies:<\/p>\n<p>Estrictamente necesarias para la prestaci\u00f3n de determinados servicios solicitados expresamente por el usuario: si se desactivan estas cookies, no podr\u00e1 recibir correctamente nuestros contenidos y servicios;<br \/>\nAnal\u00edticas (para el seguimiento y an\u00e1lisis estad\u00edstico del comportamiento del conjunto de los usuarios),<br \/>\nPublicitarias y comportamentales (para la gesti\u00f3n de los espacios publicitarios y el contenido del sitio web seg\u00fan el perfil espec\u00edfico del usuario).<\/p>\n<p>En particular, Unidad Editorial utiliza cookies publicitarias y comportamentales con los siguientes prop\u00f3sitos o finalidades:<\/p>\n<p>Acceso y almacenamiento de datos<br \/>\nEl almacenamiento de informaci\u00f3n, o el acceso a la informaci\u00f3n que ya est\u00e1 almacenada en el dispositivo del usuario como el acceso a los identificadores publicitarios y \/ u otros identificadores de dispositivo, y \/ o el uso de cookies o tecnolog\u00edas similares.<\/p>\n<p>Perfilaci\u00f3n<br \/>\nLa recopilaci\u00f3n y el tratamiento de informaci\u00f3n sobre el usuario de un sitio web para personalizar posteriormente la publicidad en otros contextos, es decir, en otros sitios web o aplicaciones, a lo largo del tiempo. Normalmente, el contenido del sitio web o la aplicaci\u00f3n se utiliza para hacer inferencias sobre los intereses del usuario, que informan las selecciones futuras.<\/p>\n<p>La recogida de datos de navegaci\u00f3n y la generaci\u00f3n de perfiles de inter\u00e9s con t\u00e9cnicas de inferencia anal\u00edtica permite el uso de esos perfiles para personalizar campa\u00f1as publicitarias y contenido.<\/p>\n<p>Adicionalmente los perfiles de inter\u00e9s inferidos pueden ser compartidos con terceros.<\/p>\n<p>An\u00e1lisis para la personalizaci\u00f3n de anuncios<br \/>\nLa recopilaci\u00f3n de informaci\u00f3n y combinaci\u00f3n con informaci\u00f3n recopilada previamente, para seleccionar y entregar anuncios, y para medir la entrega y la efectividad de dichos anuncios. Esto incluye el uso de informaci\u00f3n recopilada previamente sobre los intereses de los usuarios para seleccionar anuncios, procesar datos sobre qu\u00e9 publicidades se mostraron, con qu\u00e9 frecuencia se mostraron, cu\u00e1ndo y d\u00f3nde se mostraron y si tomaron alguna medida relacionada con el anuncio, incluyendo, por ejemplo, hacer clic en un anuncio o hacer una compra.<\/p>\n<p>An\u00e1lisis para la personalizaci\u00f3n de contenidos<br \/>\nLa recopilaci\u00f3n de informaci\u00f3n, y la combinaci\u00f3n con la informaci\u00f3n recopilada previamente, para seleccionar y entregar contenido (e.g. noticias) y para medir la entrega y la efectividad de dicho contenido. Esto incluye el uso de informaci\u00f3n recopilada previamente sobre los intereses de los usuarios para seleccionar contenido, procesar datos sobre qu\u00e9 contenido se mostr\u00f3, con qu\u00e9 frecuencia o durante cu\u00e1nto tiempo se mostr\u00f3, cu\u00e1ndo y d\u00f3nde se mostr\u00f3 y si tomaron alguna medida relacionada con el contenido, incluso para ejemplo haciendo clic en el contenido.<\/p>\n<p>Medici\u00f3n<br \/>\nLa recopilaci\u00f3n de informaci\u00f3n sobre el uso de contenido por parte del usuario y la combinaci\u00f3n con informaci\u00f3n recopilada anteriormente, utilizada para medir, comprender e informar sobre el uso que hace el usuario del contenido.<\/p>\n<p>(*) La informaci\u00f3n obtenida a trav\u00e9s de estas cookies, referida al equipo del usuario, podr\u00e1 ser combinada con sus datos personales s\u00f3lo si Ud. est\u00e1 registrado en este sitio web, y de acuerdo con lo establecido en la Pol\u00edtica de Privacidad.<\/p>\n<p>DESACTIVACI\u00d3N DE COOKIES<br \/>\nPuede desactivar las cookies anal\u00edticas, publicitarias y comportamentales sin que afecte al funcionamiento del sitio web; sin embargo, la informaci\u00f3n captada por estas cookies sobre el uso de nuestra web y sobre el \u00e9xito de los anuncios mostrados en ella permite mejorar nuestros servicios y obtener ingresos que nos permiten ofrecerle de forma gratuita muchos contenidos.<\/p>\n<p>El usuario podr\u00e1 elegir qu\u00e9 cookies quiere que funcionen en este sitio web mediante:<\/p>\n<p>la configuraci\u00f3n del navegador; por ejemplo:<\/p>\n<p>Chrome, desde\u00a0<a href=\"http:\/\/support.google.com\/chrome\/bin\/answer.py?hl=es&amp;answer=95647\">http:\/\/support.google.com\/chrome\/bin\/answer.py?hl=es&amp;answer=95647<\/a><br \/>\nExplorer, desde\u00a0<a href=\"http:\/\/windows.microsoft.com\/es-es\/windows7\/how-to-manage-cookies-in-internet-explorer-9\">http:\/\/windows.microsoft.com\/es-es\/windows7\/how-to-manage-cookies-in-internet-explorer-9<\/a><br \/>\nFirefox, desde\u00a0<a href=\"http:\/\/support.mozilla.org\/es\/kb\/habilitar-y-deshabilitar-cookies-que-los-sitios-we\">http:\/\/support.mozilla.org\/es\/kb\/habilitar-y-deshabilitar-cookies-que-los-sitios-we<\/a><br \/>\nSafari, desde\u00a0<a href=\"https:\/\/jacobye.com\/\" target=\"_blank\" rel=\"noopener noreferrer\">http:\/\/support.apple.com\/kb\/ph5042<\/a><br \/>\nEl sistema de gesti\u00f3n de cookies publicitarias y comportamentales de Unidad Editorial que puede configurar aqu\u00ed ; o<\/p>\n<p>otras herramientas de terceros, disponibles on line, que permiten a los usuarios detectar las cookies en cada sitio web que visita y gestionar su desactivaci\u00f3n (por ejemplo, Ghostery: https:\/\/www.ghostery.com\/about-ghostery\/privacy-statements<\/p>\n<p>Si tiene dudas sobre esta pol\u00edtica de cookies, puede contactar con Unidad Editorial en INFO@AIGCGUIDE.COM<\/p>","protected":false},"excerpt":{"rendered":"<p>POL\u00cdTICA DE COOKIES Una cookie es un fichero que se descarga en el ordenador\/smartphone\/tablet del usuario al acceder a determinadas p\u00e1ginas web para almacenar y recuperar informaci\u00f3n sobre la navegaci\u00f3n que se efect\u00faa desde dicho equipo. Para conocer m\u00e1s informaci\u00f3n sobre las cookies, AIGC le invita a acceder al siguiente enlace: AIGCGUIDE.COM Unidad Editorial utiliza [&hellip;]<\/p>","protected":false},"author":1,"featured_media":0,"parent":0,"menu_order":0,"comment_status":"closed","ping_status":"closed","template":"","meta":[],"yoast_head":"<!-- This site is optimized with the Yoast SEO plugin v15.7 - https:\/\/yoast.com\/wordpress\/plugins\/seo\/ -->\n<title>Cookies - AIGC<\/title>\n<meta name=\"robots\" content=\"noindex, follow\" \/>\n<meta property=\"og:locale\" content=\"es_ES\" \/>\n<meta property=\"og:type\" content=\"article\" \/>\n<meta property=\"og:title\" content=\"Cookies - AIGC\" \/>\n<meta property=\"og:description\" content=\"POL\u00cdTICA DE COOKIES Una cookie es un fichero que se descarga en el ordenador\/smartphone\/tablet del usuario al acceder a determinadas p\u00e1ginas web para almacenar y recuperar informaci\u00f3n sobre la navegaci\u00f3n que se efect\u00faa desde dicho equipo. Para conocer m\u00e1s informaci\u00f3n sobre las cookies, AIGC le invita a acceder al siguiente enlace: AIGCGUIDE.COM Unidad Editorial utiliza [&hellip;]\" \/>\n<meta property=\"og:url\" content=\"https:\/\/aigcguide.com\/es\/cookies\" \/>\n<meta property=\"og:site_name\" content=\"AIGC\" \/>\n<meta name=\"twitter:card\" content=\"summary_large_image\" \/>\n<meta name=\"twitter:label1\" content=\"Tiempo de lectura\">\n\t<meta name=\"twitter:data1\" content=\"4 minutos\">\n<script type=\"application\/ld+json\" class=\"yoast-schema-graph\">{\"@context\":\"https:\/\/schema.org\",\"@graph\":[{\"@type\":\"WebSite\",\"@id\":\"https:\/\/aigcguide.com\/#website\",\"url\":\"https:\/\/aigcguide.com\/\",\"name\":\"AIGC\",\"description\":\"Asociaci\\u00f3n Ib\\u00e9rica de Gu\\u00edas Chinos \",\"potentialAction\":[{\"@type\":\"SearchAction\",\"target\":\"https:\/\/aigcguide.com\/?s={search_term_string}\",\"query-input\":\"required name=search_term_string\"}],\"inLanguage\":\"es\"},{\"@type\":\"WebPage\",\"@id\":\"https:\/\/aigcguide.com\/cookies#webpage\",\"url\":\"https:\/\/aigcguide.com\/cookies\",\"name\":\"Cookies - AIGC\",\"isPartOf\":{\"@id\":\"https:\/\/aigcguide.com\/#website\"},\"datePublished\":\"2021-01-25T22:35:43+00:00\",\"dateModified\":\"2021-01-25T22:35:43+00:00\",\"inLanguage\":\"es\",\"potentialAction\":[{\"@type\":\"ReadAction\",\"target\":[\"https:\/\/aigcguide.com\/cookies\"]}]}]}<\/script>\n<!-- \/ Yoast SEO plugin. -->","_links":{"self":[{"href":"https:\/\/aigcguide.com\/es\/wp-json\/wp\/v2\/pages\/240"}],"collection":[{"href":"https:\/\/aigcguide.com\/es\/wp-json\/wp\/v2\/pages"}],"about":[{"href":"https:\/\/aigcguide.com\/es\/wp-json\/wp\/v2\/types\/page"}],"author":[{"embeddable":true,"href":"https:\/\/aigcguide.com\/es\/wp-json\/wp\/v2\/users\/1"}],"replies":[{"embeddable":true,"href":"https:\/\/aigcguide.com\/es\/wp-json\/wp\/v2\/comments?post=240"}],"version-history":[{"count":1,"href":"https:\/\/aigcguide.com\/es\/wp-json\/wp\/v2\/pages\/240\/revisions"}],"predecessor-version":[{"id":241,"href":"https:\/\/aigcguide.com\/es\/wp-json\/wp\/v2\/pages\/240\/revisions\/241"}],"wp:attachment":[{"href":"https:\/\/aigcguide.com\/es\/wp-json\/wp\/v2\/media?parent=240"}],"curies":[{"name":"wp","href":"https:\/\/api.w.org\/{rel}","templated":true}]}}